{"id":1737,"date":"2024-07-25T14:23:54","date_gmt":"2024-07-25T13:23:54","guid":{"rendered":"https:\/\/babytales.be\/contact\/"},"modified":"2025-08-28T07:36:16","modified_gmt":"2025-08-28T06:36:16","slug":"contact","status":"publish","type":"page","link":"https:\/\/babytales.be\/nl\/contact\/","title":{"rendered":"Contact"},"content":{"rendered":"\t\t<div data-elementor-type=\"wp-page\" data-elementor-id=\"1737\" class=\"elementor elementor-1737 elementor-637\">\n\t\t\t\t<div class=\"elementor-element elementor-element-afc10d8 e-grid e-con-boxed e-con e-parent\" data-id=\"afc10d8\" data-element_type=\"container\">\n\t\t\t\t\t<div class=\"e-con-inner\">\n\t\t\t\t<div class=\"elementor-element elementor-element-8fe6b08 elementor-widget-divider--view-line elementor-widget elementor-widget-divider\" data-id=\"8fe6b08\" data-element_type=\"widget\" data-widget_type=\"divider.default\">\n\t\t\t\t<div class=\"elementor-widget-container\">\n\t\t\t\t\t\t\t<div class=\"elementor-divider\">\n\t\t\t<span class=\"elementor-divider-separator\">\n\t\t\t\t\t\t<\/span>\n\t\t<\/div>\n\t\t\t\t\t\t<\/div>\n\t\t\t\t<\/div>\n\t\t\t\t\t<\/div>\n\t\t\t\t<\/div>\n\t\t<div class=\"elementor-element elementor-element-2e8e492 e-grid e-con-boxed e-con e-parent\" data-id=\"2e8e492\" data-element_type=\"container\">\n\t\t\t\t\t<div class=\"e-con-inner\">\n\t\t\t\t<div class=\"elementor-element elementor-element-b0e2d9d elementor-widget elementor-widget-heading\" data-id=\"b0e2d9d\" data-element_type=\"widget\" data-widget_type=\"heading.default\">\n\t\t\t\t<div class=\"elementor-widget-container\">\n\t\t\t\t\t<h2 class=\"elementor-heading-title elementor-size-default\">Neem contact met ons op<\/h2>\t\t\t\t<\/div>\n\t\t\t\t<\/div>\n\t\t\t\t\t<\/div>\n\t\t\t\t<\/div>\n\t\t<div class=\"elementor-element elementor-element-251ee7ea twbb_section twbb_contact_17 e-flex e-con-boxed e-con e-parent\" data-id=\"251ee7ea\" data-element_type=\"container\">\n\t\t\t\t\t<div class=\"e-con-inner\">\n\t\t\t\t<div class=\"elementor-element elementor-element-cf90c15 elementor-button-align-stretch elementor-widget elementor-widget-twbb_form\" data-id=\"cf90c15\" data-element_type=\"widget\" data-settings=\"{&quot;step_next_label&quot;:&quot;Next&quot;,&quot;step_previous_label&quot;:&quot;Previous&quot;,&quot;button_width&quot;:&quot;100&quot;,&quot;step_type&quot;:&quot;number_text&quot;,&quot;step_icon_shape&quot;:&quot;circle&quot;}\" data-widget_type=\"twbb_form.default\">\n\t\t\t\t<div class=\"elementor-widget-container\">\n\t\t\t\t\t\t\t<form class=\"elementor-form\" method=\"post\" name=\"Formulaire de contact\">\n\t\t\t<input type=\"hidden\" name=\"post_id\" value=\"1737\"\/>\n\t\t\t<input type=\"hidden\" name=\"form_id\" value=\"cf90c15\"\/>\n\t\t\t<input type=\"hidden\" name=\"referer_title\" value=\"Baby Tales &#8211; Votre guide ultime sur les soins de b\u00e9b\u00e9 et la parentalit\u00e9\" \/>\n\n\t\t\t\n\t\t\t<div class=\"elementor-form-fields-wrapper elementor-labels-above\">\n\t\t\t\t\t\t\t\t<div class=\"elementor-field-type-text elementor-field-group elementor-column elementor-field-group-name elementor-col-100\">\n\t\t\t\t\t\t\t\t\t\t\t\t<label for=\"form-field-name\" class=\"elementor-field-label\">\n\t\t\t\t\t\t\t\tNaam\t\t\t\t\t\t\t<\/label>\n\t\t\t\t\t\t\t\t\t\t\t\t\t\t<input size=\"1\" type=\"text\" name=\"form_fields[name]\" id=\"form-field-name\" class=\"elementor-field elementor-size-sm  elementor-field-textual\" placeholder=\"Naam\">\n\t\t\t\t\t\t\t\t\t\t\t<\/div>\n\t\t\t\t\t\t\t\t<div class=\"elementor-field-type-email elementor-field-group elementor-column elementor-field-group-email elementor-col-100 elementor-field-required\">\n\t\t\t\t\t\t\t\t\t\t\t\t<label for=\"form-field-email\" class=\"elementor-field-label\">\n\t\t\t\t\t\t\t\tE-mail\t\t\t\t\t\t\t<\/label>\n\t\t\t\t\t\t\t\t\t\t\t\t\t\t<input size=\"1\" type=\"email\" name=\"form_fields[email]\" id=\"form-field-email\" class=\"elementor-field elementor-size-sm  elementor-field-textual\" placeholder=\"E-mail\" required=\"required\" aria-required=\"true\">\n\t\t\t\t\t\t\t\t\t\t\t<\/div>\n\t\t\t\t\t\t\t\t<div class=\"elementor-field-type-textarea elementor-field-group elementor-column elementor-field-group-message elementor-col-100\">\n\t\t\t\t\t\t\t\t\t\t\t\t<label for=\"form-field-message\" class=\"elementor-field-label\">\n\t\t\t\t\t\t\t\tBericht\t\t\t\t\t\t\t<\/label>\n\t\t\t\t\t\t<textarea class=\"elementor-field-textual elementor-field  elementor-size-sm\" name=\"form_fields[message]\" id=\"form-field-message\" rows=\"4\" placeholder=\"Bericht\"><\/textarea>\t\t\t\t<\/div>\n\t\t\t\t\t\t\t\t<div class=\"elementor-field-group elementor-column elementor-field-type-submit elementor-col-100 e-form__buttons\">\n\t\t\t\t\t<button type=\"submit\" class=\"elementor-button\">\n\t\t\t\t\t\t<span >\n\t\t\t\t\t\t\t\t\t\t\t\t\t\t\t<span class=\" elementor-button-icon\">\n\t\t\t\t\t\t\t\t\t\t\t\t\t\t\t\t\t\t\t\t\t\t\t\t\t\t<\/span>\n\t\t\t\t\t\t\t\t\t\t\t\t\t\t\t\t\t\t\t\t\t\t<span class=\"elementor-button-text\">Versturen<\/span>\n\t\t\t\t\t\t\t\t\t\t\t\t\t<\/span>\n\t\t\t\t\t<\/button>\n          <button type=\"reset\" class=\"elementor-button elementor-hidden\">\n\t\t\t\t\t\t<span >\n\t\t\t\t\t\t\t              \t\t\t\t\t\t<\/span>\n          <\/button>\n\t\t\t\t<\/div>\n            \t\t\t<\/div>\n\t\t<\/form>\n\t\t\t\t\t\t<\/div>\n\t\t\t\t<\/div>\n\t\t\t\t\t<\/div>\n\t\t\t\t<\/div>\n\t\t<div class=\"elementor-element elementor-element-476065e e-flex e-con-boxed e-con e-parent\" data-id=\"476065e\" data-element_type=\"container\">\n\t\t\t\t\t<div class=\"e-con-inner\">\n\t\t\t\t<div class=\"elementor-element elementor-element-d023c6f elementor-widget-divider--view-line elementor-widget elementor-widget-divider\" data-id=\"d023c6f\" data-element_type=\"widget\" data-widget_type=\"divider.default\">\n\t\t\t\t<div class=\"elementor-widget-container\">\n\t\t\t\t\t\t\t<div class=\"elementor-divider\">\n\t\t\t<span class=\"elementor-divider-separator\">\n\t\t\t\t\t\t<\/span>\n\t\t<\/div>\n\t\t\t\t\t\t<\/div>\n\t\t\t\t<\/div>\n\t\t\t\t\t<\/div>\n\t\t\t\t<\/div>\n\t\t\t\t<\/div>\n\t\t","protected":false},"excerpt":{"rendered":"<p>\/*! elementor &#8211; v3.6.5 &#8211; 27-04-2022 *\/<br \/>\n.elementor-heading-title{padding:0;margin:0;line-height:1}.elementor-widget-heading .elementor-heading-title[class*=elementor-size-]&gt;a{color:inherit;font-size:inherit;line-height:inherit}.elementor-widget-heading .elementor-heading-title.elementor-size-small{font-size:15px}.elementor-widget-heading .elementor-heading-title.elementor-size-medium{font-size:19px}.elementor-widget-heading .elementor-heading-title.elementor-size-large{font-size:29px}.elementor-widget-heading .elementor-heading-title.elementor-size-xl{font-size:39px}.elementor-widget-heading .elementor-heading-title.elementor-size-xxl{font-size:59px}<\/p>\n<h2>STUDIO ADRES<\/h2>\n<p>145 Taupo Street<br \/>Waitakere, NZ 0604<\/p>\n<h2>KLANTENSERVICE<\/h2>\n<p>info@maiaceramic.com<br \/>+64-295-5524-1<\/p>\n<h2>OPENINGSTIJDEN<\/h2>\n<p>Ma\u2013 Vr 9:00\u201316:00<br \/>Za-Zo 12:00-18:00<\/p>\n","protected":false},"author":2,"featured_media":0,"parent":0,"menu_order":0,"comment_status":"closed","ping_status":"closed","template":"","meta":{"footnotes":""},"class_list":["post-1737","page","type-page","status-publish","hentry"],"yoast_head":"<!-- This site is optimized with the Yoast SEO plugin v24.5 - https:\/\/yoast.com\/wordpress\/plugins\/seo\/ -->\n<title>Contact - Baby Tales - Votre guide ultime sur les soins de b\u00e9b\u00e9 et la parentalit\u00e9<\/title>\n<meta name=\"robots\" content=\"index, follow, max-snippet:-1, max-image-preview:large, max-video-preview:-1\" \/>\n<link rel=\"canonical\" href=\"https:\/\/babytales.be\/nl\/contact\/\" \/>\n<meta property=\"og:locale\" content=\"nl_NL\" \/>\n<meta property=\"og:type\" content=\"article\" \/>\n<meta property=\"og:title\" content=\"Contact - Baby Tales - Votre guide ultime sur les soins de b\u00e9b\u00e9 et la parentalit\u00e9\" \/>\n<meta property=\"og:description\" content=\"\/*! elementor - v3.6.5 - 27-04-2022 *\/ .elementor-heading-title{padding:0;margin:0;line-height:1}.elementor-widget-heading .elementor-heading-title[class*=elementor-size-]&gt;a{color:inherit;font-size:inherit;line-height:inherit}.elementor-widget-heading .elementor-heading-title.elementor-size-small{font-size:15px}.elementor-widget-heading .elementor-heading-title.elementor-size-medium{font-size:19px}.elementor-widget-heading .elementor-heading-title.elementor-size-large{font-size:29px}.elementor-widget-heading .elementor-heading-title.elementor-size-xl{font-size:39px}.elementor-widget-heading .elementor-heading-title.elementor-size-xxl{font-size:59px}STUDIO ADRES   145 Taupo StreetWaitakere, NZ 0604   KLANTENSERVICE   info@maiaceramic.com+64-295-5524-1   OPENINGSTIJDEN   Ma\u2013 Vr 9:00\u201316:00Za-Zo 12:00-18:00\" \/>\n<meta property=\"og:url\" content=\"https:\/\/babytales.be\/nl\/contact\/\" \/>\n<meta property=\"og:site_name\" content=\"Baby Tales - Votre guide ultime sur les soins de b\u00e9b\u00e9 et la parentalit\u00e9\" \/>\n<meta property=\"article:modified_time\" content=\"2025-08-28T06:36:16+00:00\" \/>\n<meta name=\"twitter:card\" content=\"summary_large_image\" \/>\n<meta name=\"twitter:label1\" content=\"Geschatte leestijd\" \/>\n\t<meta name=\"twitter:data1\" content=\"2 minuten\" \/>\n<script type=\"application\/ld+json\" class=\"yoast-schema-graph\">{\"@context\":\"https:\/\/schema.org\",\"@graph\":[{\"@type\":\"WebPage\",\"@id\":\"https:\/\/babytales.be\/nl\/contact\/\",\"url\":\"https:\/\/babytales.be\/nl\/contact\/\",\"name\":\"Contact - Baby Tales - Votre guide ultime sur les soins de b\u00e9b\u00e9 et la parentalit\u00e9\",\"isPartOf\":{\"@id\":\"https:\/\/babytales.be\/nl\/#website\"},\"datePublished\":\"2024-07-25T13:23:54+00:00\",\"dateModified\":\"2025-08-28T06:36:16+00:00\",\"breadcrumb\":{\"@id\":\"https:\/\/babytales.be\/nl\/contact\/#breadcrumb\"},\"inLanguage\":\"nl-NL\",\"potentialAction\":[{\"@type\":\"ReadAction\",\"target\":[\"https:\/\/babytales.be\/nl\/contact\/\"]}]},{\"@type\":\"BreadcrumbList\",\"@id\":\"https:\/\/babytales.be\/nl\/contact\/#breadcrumb\",\"itemListElement\":[{\"@type\":\"ListItem\",\"position\":1,\"name\":\"Accueil\",\"item\":\"https:\/\/babytales.be\/nl\/\"},{\"@type\":\"ListItem\",\"position\":2,\"name\":\"Contact\"}]},{\"@type\":\"WebSite\",\"@id\":\"https:\/\/babytales.be\/nl\/#website\",\"url\":\"https:\/\/babytales.be\/nl\/\",\"name\":\"Baby Tales - Votre guide ultime sur les soins de b\u00e9b\u00e9 et la parentalit\u00e9\",\"description\":\"Baby Tales est votre plateforme incontournable pour tout ce qui concerne le voyage magique des b\u00e9b\u00e9s.\",\"potentialAction\":[{\"@type\":\"SearchAction\",\"target\":{\"@type\":\"EntryPoint\",\"urlTemplate\":\"https:\/\/babytales.be\/nl\/?s={search_term_string}\"},\"query-input\":{\"@type\":\"PropertyValueSpecification\",\"valueRequired\":true,\"valueName\":\"search_term_string\"}}],\"inLanguage\":\"nl-NL\"}]}<\/script>\n<!-- \/ Yoast SEO plugin. -->","yoast_head_json":{"title":"Contact - Baby Tales - Votre guide ultime sur les soins de b\u00e9b\u00e9 et la parentalit\u00e9","robots":{"index":"index","follow":"follow","max-snippet":"max-snippet:-1","max-image-preview":"max-image-preview:large","max-video-preview":"max-video-preview:-1"},"canonical":"https:\/\/babytales.be\/nl\/contact\/","og_locale":"nl_NL","og_type":"article","og_title":"Contact - Baby Tales - Votre guide ultime sur les soins de b\u00e9b\u00e9 et la parentalit\u00e9","og_description":"\/*! elementor - v3.6.5 - 27-04-2022 *\/ .elementor-heading-title{padding:0;margin:0;line-height:1}.elementor-widget-heading .elementor-heading-title[class*=elementor-size-]&gt;a{color:inherit;font-size:inherit;line-height:inherit}.elementor-widget-heading .elementor-heading-title.elementor-size-small{font-size:15px}.elementor-widget-heading .elementor-heading-title.elementor-size-medium{font-size:19px}.elementor-widget-heading .elementor-heading-title.elementor-size-large{font-size:29px}.elementor-widget-heading .elementor-heading-title.elementor-size-xl{font-size:39px}.elementor-widget-heading .elementor-heading-title.elementor-size-xxl{font-size:59px}STUDIO ADRES   145 Taupo StreetWaitakere, NZ 0604   KLANTENSERVICE   info@maiaceramic.com+64-295-5524-1   OPENINGSTIJDEN   Ma\u2013 Vr 9:00\u201316:00Za-Zo 12:00-18:00","og_url":"https:\/\/babytales.be\/nl\/contact\/","og_site_name":"Baby Tales - Votre guide ultime sur les soins de b\u00e9b\u00e9 et la parentalit\u00e9","article_modified_time":"2025-08-28T06:36:16+00:00","twitter_card":"summary_large_image","twitter_misc":{"Geschatte leestijd":"2 minuten"},"schema":{"@context":"https:\/\/schema.org","@graph":[{"@type":"WebPage","@id":"https:\/\/babytales.be\/nl\/contact\/","url":"https:\/\/babytales.be\/nl\/contact\/","name":"Contact - Baby Tales - Votre guide ultime sur les soins de b\u00e9b\u00e9 et la parentalit\u00e9","isPartOf":{"@id":"https:\/\/babytales.be\/nl\/#website"},"datePublished":"2024-07-25T13:23:54+00:00","dateModified":"2025-08-28T06:36:16+00:00","breadcrumb":{"@id":"https:\/\/babytales.be\/nl\/contact\/#breadcrumb"},"inLanguage":"nl-NL","potentialAction":[{"@type":"ReadAction","target":["https:\/\/babytales.be\/nl\/contact\/"]}]},{"@type":"BreadcrumbList","@id":"https:\/\/babytales.be\/nl\/contact\/#breadcrumb","itemListElement":[{"@type":"ListItem","position":1,"name":"Accueil","item":"https:\/\/babytales.be\/nl\/"},{"@type":"ListItem","position":2,"name":"Contact"}]},{"@type":"WebSite","@id":"https:\/\/babytales.be\/nl\/#website","url":"https:\/\/babytales.be\/nl\/","name":"Baby Tales - Votre guide ultime sur les soins de b\u00e9b\u00e9 et la parentalit\u00e9","description":"Baby Tales est votre plateforme incontournable pour tout ce qui concerne le voyage magique des b\u00e9b\u00e9s.","potentialAction":[{"@type":"SearchAction","target":{"@type":"EntryPoint","urlTemplate":"https:\/\/babytales.be\/nl\/?s={search_term_string}"},"query-input":{"@type":"PropertyValueSpecification","valueRequired":true,"valueName":"search_term_string"}}],"inLanguage":"nl-NL"}]}},"_links":{"self":[{"href":"https:\/\/babytales.be\/nl\/wp-json\/wp\/v2\/pages\/1737","targetHints":{"allow":["GET"]}}],"collection":[{"href":"https:\/\/babytales.be\/nl\/wp-json\/wp\/v2\/pages"}],"about":[{"href":"https:\/\/babytales.be\/nl\/wp-json\/wp\/v2\/types\/page"}],"author":[{"embeddable":true,"href":"https:\/\/babytales.be\/nl\/wp-json\/wp\/v2\/users\/2"}],"replies":[{"embeddable":true,"href":"https:\/\/babytales.be\/nl\/wp-json\/wp\/v2\/comments?post=1737"}],"version-history":[{"count":0,"href":"https:\/\/babytales.be\/nl\/wp-json\/wp\/v2\/pages\/1737\/revisions"}],"wp:attachment":[{"href":"https:\/\/babytales.be\/nl\/wp-json\/wp\/v2\/media?parent=1737"}],"curies":[{"name":"wp","href":"https:\/\/api.w.org\/{rel}","templated":true}]}}