{"id":1744,"date":"2024-11-20T10:36:35","date_gmt":"2024-11-20T09:36:35","guid":{"rendered":"https:\/\/babytales.be\/disclaimer\/"},"modified":"2025-08-27T13:24:11","modified_gmt":"2025-08-27T12:24:11","slug":"disclaimer","status":"publish","type":"page","link":"https:\/\/babytales.be\/nl\/disclaimer\/","title":{"rendered":"Disclaimer"},"content":{"rendered":"\t\t<div data-elementor-type=\"wp-page\" data-elementor-id=\"1744\" class=\"elementor elementor-1744 elementor-747\">\n\t\t\t\t<div class=\"elementor-element elementor-element-e5f5c0b e-flex e-con-boxed e-con e-parent\" data-id=\"e5f5c0b\" data-element_type=\"container\">\n\t\t\t\t\t<div class=\"e-con-inner\">\n\t\t\t\t<div class=\"elementor-element elementor-element-d4fe045 elementor-widget elementor-widget-heading\" data-id=\"d4fe045\" data-element_type=\"widget\" data-widget_type=\"heading.default\">\n\t\t\t\t<div class=\"elementor-widget-container\">\n\t\t\t\t\t<h2 class=\"elementor-heading-title elementor-size-default\">Disclaimer<\/h2>\t\t\t\t<\/div>\n\t\t\t\t<\/div>\n\t\t\t\t<div class=\"elementor-element elementor-element-5187aad elementor-widget elementor-widget-text-editor\" data-id=\"5187aad\" data-element_type=\"widget\" data-widget_type=\"text-editor.default\">\n\t\t\t\t<div class=\"elementor-widget-container\">\n\t\t\t\t\t\t\t\t\t<p><strong>1. Beperking van Aansprakelijkheid<\/strong><\/p><p class=\"two_elementor_element\">De website babytales.be wordt &#8220;as is&#8221; aangeboden, zonder enige expliciete of impliciete garantie. Babytales.be doet geen uitspraken of garanties met betrekking tot de nauwkeurigheid, volledigheid of relevantie van de informatie op deze site.<\/p><p><strong>2. Gebruiksvoorwaarden<\/strong><\/p><p class=\"two_elementor_element\">Door deze site te gebruiken, ga je akkoord met de volgende voorwaarden:<\/p><p><strong>2.1 Beschikbaarheid van de Site<\/strong><\/p><p class=\"two_elementor_element\">Babytales.be garandeert niet dat de site altijd beschikbaar of foutloos zal zijn.<\/p><p><strong>2.2 Aard van de Informatie<\/strong><\/p><p class=\"two_elementor_element\">De informatie op deze site vormt geen professioneel advies. Raadpleeg altijd een gekwalificeerde professional voor vragen over de gezondheid, veiligheid of opvoeding van je kind.<\/p><p><strong>2.3 Uitsluiting van Aansprakelijkheid<\/strong><\/p><p class=\"two_elementor_element\">Babytales.be is niet aansprakelijk voor directe, indirecte, incidentele of gevolgschade die voortvloeit uit het gebruik of de onmogelijkheid tot gebruik van deze site.<\/p><p><strong>2.4 Wijziging van de Inhoud<\/strong><\/p><p class=\"two_elementor_element\">De inhoud van de site kan zonder voorafgaande kennisgeving worden gewijzigd.<\/p><p><strong>2.5 Externe Links<\/strong><\/p><p class=\"two_elementor_element\">Links naar websites van derden vormen geen goedkeuring van deze sites door Babytales.be. We zijn niet verantwoordelijk voor de inhoud van deze externe sites.<\/p><p><strong>2.6 Gebruik op Eigen Risico<\/strong><\/p><p class=\"two_elementor_element\">Je gebruikt deze site op eigen risico. Babytales.be kan niet aansprakelijk worden gesteld voor verlies of schade als gevolg van je gebruik van de site.<\/p><p><strong>3. Rechtsbevoegdheid<\/strong><\/p><p class=\"two_elementor_element\">Deze disclaimer valt onder het Belgisch recht. Elk geschil zal worden voorgelegd aan de exclusieve bevoegdheid van de rechtbanken van Brussel.<\/p><p><strong>4. Aanvaarding van de Voorwaarden<\/strong><\/p><p>Door babytales.be te blijven gebruiken, ga je akkoord met de voorwaarden van deze disclaimer.<\/p>\t\t\t\t\t\t\t\t<\/div>\n\t\t\t\t<\/div>\n\t\t\t\t\t<\/div>\n\t\t\t\t<\/div>\n\t\t\t\t<\/div>\n\t\t","protected":false},"excerpt":{"rendered":"<p>Disclaimer 1. Beperking van Aansprakelijkheid De website babytales.be wordt &#8220;as is&#8221; aangeboden, zonder enige expliciete of impliciete garantie. Babytales.be doet geen uitspraken of garanties met betrekking tot de nauwkeurigheid, volledigheid of relevantie van de informatie op deze site. 2. Gebruiksvoorwaarden Door deze site te gebruiken, ga je akkoord met de volgende voorwaarden: 2.1 Beschikbaarheid van [&hellip;]<\/p>\n","protected":false},"author":0,"featured_media":0,"parent":0,"menu_order":0,"comment_status":"closed","ping_status":"closed","template":"","meta":{"footnotes":""},"class_list":["post-1744","page","type-page","status-publish","hentry"],"yoast_head":"<!-- This site is optimized with the Yoast SEO plugin v24.5 - https:\/\/yoast.com\/wordpress\/plugins\/seo\/ -->\n<title>Disclaimer - Baby Tales - Votre guide ultime sur les soins de b\u00e9b\u00e9 et la parentalit\u00e9<\/title>\n<meta name=\"robots\" content=\"index, follow, max-snippet:-1, max-image-preview:large, max-video-preview:-1\" \/>\n<link rel=\"canonical\" href=\"https:\/\/babytales.be\/nl\/disclaimer\/\" \/>\n<meta property=\"og:locale\" content=\"nl_NL\" \/>\n<meta property=\"og:type\" content=\"article\" \/>\n<meta property=\"og:title\" content=\"Disclaimer - Baby Tales - Votre guide ultime sur les soins de b\u00e9b\u00e9 et la parentalit\u00e9\" \/>\n<meta property=\"og:description\" content=\"Disclaimer 1. Beperking van Aansprakelijkheid De website babytales.be wordt &#8220;as is&#8221; aangeboden, zonder enige expliciete of impliciete garantie. Babytales.be doet geen uitspraken of garanties met betrekking tot de nauwkeurigheid, volledigheid of relevantie van de informatie op deze site. 2. Gebruiksvoorwaarden Door deze site te gebruiken, ga je akkoord met de volgende voorwaarden: 2.1 Beschikbaarheid van [&hellip;]\" \/>\n<meta property=\"og:url\" content=\"https:\/\/babytales.be\/nl\/disclaimer\/\" \/>\n<meta property=\"og:site_name\" content=\"Baby Tales - Votre guide ultime sur les soins de b\u00e9b\u00e9 et la parentalit\u00e9\" \/>\n<meta property=\"article:modified_time\" content=\"2025-08-27T12:24:11+00:00\" \/>\n<meta name=\"twitter:card\" content=\"summary_large_image\" \/>\n<meta name=\"twitter:label1\" content=\"Geschatte leestijd\" \/>\n\t<meta name=\"twitter:data1\" content=\"1 minuut\" \/>\n<script type=\"application\/ld+json\" class=\"yoast-schema-graph\">{\"@context\":\"https:\/\/schema.org\",\"@graph\":[{\"@type\":\"WebPage\",\"@id\":\"https:\/\/babytales.be\/nl\/disclaimer\/\",\"url\":\"https:\/\/babytales.be\/nl\/disclaimer\/\",\"name\":\"Disclaimer - Baby Tales - Votre guide ultime sur les soins de b\u00e9b\u00e9 et la parentalit\u00e9\",\"isPartOf\":{\"@id\":\"https:\/\/babytales.be\/nl\/#website\"},\"datePublished\":\"2024-11-20T09:36:35+00:00\",\"dateModified\":\"2025-08-27T12:24:11+00:00\",\"breadcrumb\":{\"@id\":\"https:\/\/babytales.be\/nl\/disclaimer\/#breadcrumb\"},\"inLanguage\":\"nl-NL\",\"potentialAction\":[{\"@type\":\"ReadAction\",\"target\":[\"https:\/\/babytales.be\/nl\/disclaimer\/\"]}]},{\"@type\":\"BreadcrumbList\",\"@id\":\"https:\/\/babytales.be\/nl\/disclaimer\/#breadcrumb\",\"itemListElement\":[{\"@type\":\"ListItem\",\"position\":1,\"name\":\"Accueil\",\"item\":\"https:\/\/babytales.be\/nl\/\"},{\"@type\":\"ListItem\",\"position\":2,\"name\":\"Disclaimer\"}]},{\"@type\":\"WebSite\",\"@id\":\"https:\/\/babytales.be\/nl\/#website\",\"url\":\"https:\/\/babytales.be\/nl\/\",\"name\":\"Baby Tales - Votre guide ultime sur les soins de b\u00e9b\u00e9 et la parentalit\u00e9\",\"description\":\"Baby Tales est votre plateforme incontournable pour tout ce qui concerne le voyage magique des b\u00e9b\u00e9s.\",\"potentialAction\":[{\"@type\":\"SearchAction\",\"target\":{\"@type\":\"EntryPoint\",\"urlTemplate\":\"https:\/\/babytales.be\/nl\/?s={search_term_string}\"},\"query-input\":{\"@type\":\"PropertyValueSpecification\",\"valueRequired\":true,\"valueName\":\"search_term_string\"}}],\"inLanguage\":\"nl-NL\"}]}<\/script>\n<!-- \/ Yoast SEO plugin. -->","yoast_head_json":{"title":"Disclaimer - Baby Tales - Votre guide ultime sur les soins de b\u00e9b\u00e9 et la parentalit\u00e9","robots":{"index":"index","follow":"follow","max-snippet":"max-snippet:-1","max-image-preview":"max-image-preview:large","max-video-preview":"max-video-preview:-1"},"canonical":"https:\/\/babytales.be\/nl\/disclaimer\/","og_locale":"nl_NL","og_type":"article","og_title":"Disclaimer - Baby Tales - Votre guide ultime sur les soins de b\u00e9b\u00e9 et la parentalit\u00e9","og_description":"Disclaimer 1. Beperking van Aansprakelijkheid De website babytales.be wordt &#8220;as is&#8221; aangeboden, zonder enige expliciete of impliciete garantie. Babytales.be doet geen uitspraken of garanties met betrekking tot de nauwkeurigheid, volledigheid of relevantie van de informatie op deze site. 2. Gebruiksvoorwaarden Door deze site te gebruiken, ga je akkoord met de volgende voorwaarden: 2.1 Beschikbaarheid van [&hellip;]","og_url":"https:\/\/babytales.be\/nl\/disclaimer\/","og_site_name":"Baby Tales - Votre guide ultime sur les soins de b\u00e9b\u00e9 et la parentalit\u00e9","article_modified_time":"2025-08-27T12:24:11+00:00","twitter_card":"summary_large_image","twitter_misc":{"Geschatte leestijd":"1 minuut"},"schema":{"@context":"https:\/\/schema.org","@graph":[{"@type":"WebPage","@id":"https:\/\/babytales.be\/nl\/disclaimer\/","url":"https:\/\/babytales.be\/nl\/disclaimer\/","name":"Disclaimer - Baby Tales - Votre guide ultime sur les soins de b\u00e9b\u00e9 et la parentalit\u00e9","isPartOf":{"@id":"https:\/\/babytales.be\/nl\/#website"},"datePublished":"2024-11-20T09:36:35+00:00","dateModified":"2025-08-27T12:24:11+00:00","breadcrumb":{"@id":"https:\/\/babytales.be\/nl\/disclaimer\/#breadcrumb"},"inLanguage":"nl-NL","potentialAction":[{"@type":"ReadAction","target":["https:\/\/babytales.be\/nl\/disclaimer\/"]}]},{"@type":"BreadcrumbList","@id":"https:\/\/babytales.be\/nl\/disclaimer\/#breadcrumb","itemListElement":[{"@type":"ListItem","position":1,"name":"Accueil","item":"https:\/\/babytales.be\/nl\/"},{"@type":"ListItem","position":2,"name":"Disclaimer"}]},{"@type":"WebSite","@id":"https:\/\/babytales.be\/nl\/#website","url":"https:\/\/babytales.be\/nl\/","name":"Baby Tales - Votre guide ultime sur les soins de b\u00e9b\u00e9 et la parentalit\u00e9","description":"Baby Tales est votre plateforme incontournable pour tout ce qui concerne le voyage magique des b\u00e9b\u00e9s.","potentialAction":[{"@type":"SearchAction","target":{"@type":"EntryPoint","urlTemplate":"https:\/\/babytales.be\/nl\/?s={search_term_string}"},"query-input":{"@type":"PropertyValueSpecification","valueRequired":true,"valueName":"search_term_string"}}],"inLanguage":"nl-NL"}]}},"_links":{"self":[{"href":"https:\/\/babytales.be\/nl\/wp-json\/wp\/v2\/pages\/1744","targetHints":{"allow":["GET"]}}],"collection":[{"href":"https:\/\/babytales.be\/nl\/wp-json\/wp\/v2\/pages"}],"about":[{"href":"https:\/\/babytales.be\/nl\/wp-json\/wp\/v2\/types\/page"}],"replies":[{"embeddable":true,"href":"https:\/\/babytales.be\/nl\/wp-json\/wp\/v2\/comments?post=1744"}],"version-history":[{"count":0,"href":"https:\/\/babytales.be\/nl\/wp-json\/wp\/v2\/pages\/1744\/revisions"}],"wp:attachment":[{"href":"https:\/\/babytales.be\/nl\/wp-json\/wp\/v2\/media?parent=1744"}],"curies":[{"name":"wp","href":"https:\/\/api.w.org\/{rel}","templated":true}]}}