{"id":1822,"date":"2024-11-20T10:28:56","date_gmt":"2024-11-20T09:28:56","guid":{"rendered":"https:\/\/babytales.be\/privacybeleid\/"},"modified":"2025-08-27T16:30:28","modified_gmt":"2025-08-27T15:30:28","slug":"privacybeleid","status":"publish","type":"page","link":"https:\/\/babytales.be\/nl\/privacybeleid\/","title":{"rendered":"Privacybeleid"},"content":{"rendered":"\t\t<div data-elementor-type=\"wp-page\" data-elementor-id=\"1822\" class=\"elementor elementor-1822 elementor-742\">\n\t\t\t\t<div class=\"elementor-element elementor-element-dd3e7ed e-flex e-con-boxed e-con e-parent\" data-id=\"dd3e7ed\" data-element_type=\"container\">\n\t\t\t\t\t<div class=\"e-con-inner\">\n\t\t\t\t<div class=\"elementor-element elementor-element-25bce72 elementor-widget elementor-widget-heading\" data-id=\"25bce72\" data-element_type=\"widget\" data-widget_type=\"heading.default\">\n\t\t\t\t<div class=\"elementor-widget-container\">\n\t\t\t\t\t<h2 class=\"elementor-heading-title elementor-size-default\">Privacybeleid<\/h2>\t\t\t\t<\/div>\n\t\t\t\t<\/div>\n\t\t\t\t<div class=\"elementor-element elementor-element-015d294 elementor-widget elementor-widget-text-editor\" data-id=\"015d294\" data-element_type=\"widget\" data-widget_type=\"text-editor.default\">\n\t\t\t\t<div class=\"elementor-widget-container\">\n\t\t\t\t\t\t\t\t\t<div><div dir=\"auto\" data-message-author-role=\"assistant\" data-message-id=\"3ddad235-acc7-446e-9c26-1cd3619c97a7\" data-message-model-slug=\"gpt-4o\"><div><div><p><strong>Inleiding<\/strong><br>Bij Baby Tales, toegankelijk via <a href=\"https:\/\/babytales.be\/nl\/\">babytales.be<\/a>, is uw privacy van het grootste belang. In dit privacybeleid wordt beschreven welke soorten persoonlijke informatie Simple et chic verzamelt en registreert en hoe wij deze gebruiken.<\/p><p><strong>Informatie die we verzamelen<\/strong><br>Wanneer u onze website bezoekt, kunnen we de volgende informatie verzamelen:<\/p><ul><li>Persoonlijk identificeerbare informatie: naam, e-mailadres en alle andere informatie die u vrijwillig verstrekt.<\/li><li>Niet-persoonlijke identificatiegegevens: browsertype, internetprovider (ISP), verwijzende\/uitgaande pagina&#8217;s en datum-\/tijdstempel.<\/li><\/ul><p><strong>Hoe we uw gegevens gebruiken<\/strong><br>We kunnen de verzamelde gegevens op de volgende manieren gebruiken:<\/p><ul><li>Om de klantenservice te verbeteren: Met uw gegevens kunnen wij effectiever reageren op uw verzoeken om klantenservice en ondersteuningsbehoeften.<\/li><li>Om de gebruikerservaring te personaliseren: We kunnen informatie in zijn geheel gebruiken om inzicht te krijgen in hoe onze gebruikers als groep gebruikmaken van de diensten en bronnen die op onze website worden aangeboden.<\/li><li>Om periodieke e-mails te versturen: Wij kunnen het e-mailadres gebruiken om u informatie en updates te sturen met betrekking tot uw bestelling. Het kan ook gebruikt worden om te reageren op uw vragen en\/of verzoeken.<\/li><\/ul><p><strong>Logbestanden<\/strong><br><span style=\"font-family: Montserrat, sans-serif; font-size: 18px; font-style: normal; font-weight: 400;\">Baby Tales<\/span> hanteert een standaardprocedure voor het gebruik van logbestanden. Deze bestanden registreren bezoekers wanneer zij websites bezoeken. Alle hostingbedrijven doen dit als onderdeel van de beoordelingen van hun hostingdiensten. De informatie die door logbestanden wordt verzameld, omvat internetprotocoladressen (IP-adressen), browsertype, internetprovider (ISP), datum- en tijdstempel, verwijzende\/uitgaande pagina&#8217;s en mogelijk het aantal klikken. Deze cookies zijn niet gekoppeld aan persoonlijk identificeerbare informatie.<\/p><p><strong>Cookies en webbakens<\/strong><br>Net als elke andere website maakt <span style=\"font-family: Montserrat, sans-serif; font-size: 18px; font-style: normal; font-weight: 400;\">Baby Tales<\/span> gebruik van &#8220;cookies&#8221;. Deze cookies worden gebruikt om informatie op te slaan, waaronder de voorkeuren van bezoekers en de pagina&#8217;s op de website die de bezoeker heeft bezocht. Deze informatie wordt gebruikt om de gebruikerservaring te optimaliseren door de inhoud van onze webpagina\u2019s aan te passen op basis van het browsertype van de bezoeker en\/of andere informatie.<\/p><p><strong>Privacybeleid van derden<\/strong><br>Het privacybeleid van <span style=\"font-family: Montserrat, sans-serif; font-size: 18px; font-style: normal; font-weight: 400;\">Baby Tales<\/span> is niet van toepassing op andere adverteerders of websites. Wij adviseren u daarom om voor meer gedetailleerde informatie het privacybeleid van deze externe advertentieservers te raadplegen. Het kan gaan om informatie over hun werkwijze en instructies over hoe u bepaalde opties kunt uitschakelen.<\/p><p><strong>Informatie voor kinderen<\/strong><br>Een ander onderdeel van onze prioriteit is het bieden van extra bescherming aan kinderen wanneer zij internetten. We moedigen ouders en voogden aan om hun online activiteiten te observeren, eraan deel te nemen en\/of te monitoren en begeleiden. <span style=\"font-family: Montserrat, sans-serif; font-size: 18px; font-style: normal; font-weight: 400;\">Baby Tales<\/span> verzamelt niet bewust persoonlijk identificeerbare informatie van kinderen jonger dan 13 jaar. Als u denkt dat uw kind dergelijke informatie op onze website heeft verstrekt, raden wij u ten zeerste aan om onmiddellijk contact met ons op te nemen. Wij zullen ons best doen om dergelijke informatie zo snel mogelijk uit onze bestanden te verwijderen.<\/p><p><strong>Wijzigingen in dit privacybeleid<\/strong><br>We kunnen ons privacybeleid van tijd tot tijd bijwerken. Wij zullen u op de hoogte stellen van eventuele wijzigingen door het nieuwe Privacybeleid op deze pagina te plaatsen. Wij adviseren u om dit privacybeleid regelmatig te controleren op eventuele wijzigingen. Wijzigingen in dit privacybeleid treden onmiddellijk in werking zodra ze op deze pagina worden geplaatst.<\/p><p><strong>Neem contact met ons op<\/strong><br>Als u vragen heeft over dit privacybeleid, kunt u contact met ons opnemen via <a href=\"mailto:babytales@outlook.com\">Baby Tales<\/a>.<\/p><\/div><\/div><\/div><\/div>\t\t\t\t\t\t\t\t<\/div>\n\t\t\t\t<\/div>\n\t\t\t\t\t<\/div>\n\t\t\t\t<\/div>\n\t\t\t\t<\/div>\n\t\t","protected":false},"excerpt":{"rendered":"<p>Privacybeleid InleidingBij Baby Tales, toegankelijk via babytales.be, is uw privacy van het grootste belang. In dit privacybeleid wordt beschreven welke soorten persoonlijke informatie Simple et chic verzamelt en registreert en hoe wij deze gebruiken. Informatie die we verzamelenWanneer u onze website bezoekt, kunnen we de volgende informatie verzamelen: Persoonlijk identificeerbare informatie: naam, e-mailadres en alle [&hellip;]<\/p>\n","protected":false},"author":0,"featured_media":0,"parent":0,"menu_order":0,"comment_status":"closed","ping_status":"closed","template":"","meta":{"footnotes":""},"class_list":["post-1822","page","type-page","status-publish","hentry"],"yoast_head":"<!-- This site is optimized with the Yoast SEO plugin v24.5 - https:\/\/yoast.com\/wordpress\/plugins\/seo\/ -->\n<title>Privacybeleid - Baby Tales - Votre guide ultime sur les soins de b\u00e9b\u00e9 et la parentalit\u00e9<\/title>\n<meta name=\"robots\" content=\"index, follow, max-snippet:-1, max-image-preview:large, max-video-preview:-1\" \/>\n<link rel=\"canonical\" href=\"https:\/\/babytales.be\/nl\/privacybeleid\/\" \/>\n<meta property=\"og:locale\" content=\"nl_NL\" \/>\n<meta property=\"og:type\" content=\"article\" \/>\n<meta property=\"og:title\" content=\"Privacybeleid - Baby Tales - Votre guide ultime sur les soins de b\u00e9b\u00e9 et la parentalit\u00e9\" \/>\n<meta property=\"og:description\" content=\"Privacybeleid InleidingBij Baby Tales, toegankelijk via babytales.be, is uw privacy van het grootste belang. In dit privacybeleid wordt beschreven welke soorten persoonlijke informatie Simple et chic verzamelt en registreert en hoe wij deze gebruiken. Informatie die we verzamelenWanneer u onze website bezoekt, kunnen we de volgende informatie verzamelen: Persoonlijk identificeerbare informatie: naam, e-mailadres en alle [&hellip;]\" \/>\n<meta property=\"og:url\" content=\"https:\/\/babytales.be\/nl\/privacybeleid\/\" \/>\n<meta property=\"og:site_name\" content=\"Baby Tales - Votre guide ultime sur les soins de b\u00e9b\u00e9 et la parentalit\u00e9\" \/>\n<meta property=\"article:modified_time\" content=\"2025-08-27T15:30:28+00:00\" \/>\n<meta name=\"twitter:card\" content=\"summary_large_image\" \/>\n<meta name=\"twitter:label1\" content=\"Geschatte leestijd\" \/>\n\t<meta name=\"twitter:data1\" content=\"3 minuten\" \/>\n<script type=\"application\/ld+json\" class=\"yoast-schema-graph\">{\"@context\":\"https:\/\/schema.org\",\"@graph\":[{\"@type\":\"WebPage\",\"@id\":\"https:\/\/babytales.be\/nl\/privacybeleid\/\",\"url\":\"https:\/\/babytales.be\/nl\/privacybeleid\/\",\"name\":\"Privacybeleid - Baby Tales - Votre guide ultime sur les soins de b\u00e9b\u00e9 et la parentalit\u00e9\",\"isPartOf\":{\"@id\":\"https:\/\/babytales.be\/nl\/#website\"},\"datePublished\":\"2024-11-20T09:28:56+00:00\",\"dateModified\":\"2025-08-27T15:30:28+00:00\",\"breadcrumb\":{\"@id\":\"https:\/\/babytales.be\/nl\/privacybeleid\/#breadcrumb\"},\"inLanguage\":\"nl-NL\",\"potentialAction\":[{\"@type\":\"ReadAction\",\"target\":[\"https:\/\/babytales.be\/nl\/privacybeleid\/\"]}]},{\"@type\":\"BreadcrumbList\",\"@id\":\"https:\/\/babytales.be\/nl\/privacybeleid\/#breadcrumb\",\"itemListElement\":[{\"@type\":\"ListItem\",\"position\":1,\"name\":\"Accueil\",\"item\":\"https:\/\/babytales.be\/nl\/\"},{\"@type\":\"ListItem\",\"position\":2,\"name\":\"Privacybeleid\"}]},{\"@type\":\"WebSite\",\"@id\":\"https:\/\/babytales.be\/nl\/#website\",\"url\":\"https:\/\/babytales.be\/nl\/\",\"name\":\"Baby Tales - Votre guide ultime sur les soins de b\u00e9b\u00e9 et la parentalit\u00e9\",\"description\":\"Baby Tales est votre plateforme incontournable pour tout ce qui concerne le voyage magique des b\u00e9b\u00e9s.\",\"potentialAction\":[{\"@type\":\"SearchAction\",\"target\":{\"@type\":\"EntryPoint\",\"urlTemplate\":\"https:\/\/babytales.be\/nl\/?s={search_term_string}\"},\"query-input\":{\"@type\":\"PropertyValueSpecification\",\"valueRequired\":true,\"valueName\":\"search_term_string\"}}],\"inLanguage\":\"nl-NL\"}]}<\/script>\n<!-- \/ Yoast SEO plugin. -->","yoast_head_json":{"title":"Privacybeleid - Baby Tales - Votre guide ultime sur les soins de b\u00e9b\u00e9 et la parentalit\u00e9","robots":{"index":"index","follow":"follow","max-snippet":"max-snippet:-1","max-image-preview":"max-image-preview:large","max-video-preview":"max-video-preview:-1"},"canonical":"https:\/\/babytales.be\/nl\/privacybeleid\/","og_locale":"nl_NL","og_type":"article","og_title":"Privacybeleid - Baby Tales - Votre guide ultime sur les soins de b\u00e9b\u00e9 et la parentalit\u00e9","og_description":"Privacybeleid InleidingBij Baby Tales, toegankelijk via babytales.be, is uw privacy van het grootste belang. In dit privacybeleid wordt beschreven welke soorten persoonlijke informatie Simple et chic verzamelt en registreert en hoe wij deze gebruiken. Informatie die we verzamelenWanneer u onze website bezoekt, kunnen we de volgende informatie verzamelen: Persoonlijk identificeerbare informatie: naam, e-mailadres en alle [&hellip;]","og_url":"https:\/\/babytales.be\/nl\/privacybeleid\/","og_site_name":"Baby Tales - Votre guide ultime sur les soins de b\u00e9b\u00e9 et la parentalit\u00e9","article_modified_time":"2025-08-27T15:30:28+00:00","twitter_card":"summary_large_image","twitter_misc":{"Geschatte leestijd":"3 minuten"},"schema":{"@context":"https:\/\/schema.org","@graph":[{"@type":"WebPage","@id":"https:\/\/babytales.be\/nl\/privacybeleid\/","url":"https:\/\/babytales.be\/nl\/privacybeleid\/","name":"Privacybeleid - Baby Tales - Votre guide ultime sur les soins de b\u00e9b\u00e9 et la parentalit\u00e9","isPartOf":{"@id":"https:\/\/babytales.be\/nl\/#website"},"datePublished":"2024-11-20T09:28:56+00:00","dateModified":"2025-08-27T15:30:28+00:00","breadcrumb":{"@id":"https:\/\/babytales.be\/nl\/privacybeleid\/#breadcrumb"},"inLanguage":"nl-NL","potentialAction":[{"@type":"ReadAction","target":["https:\/\/babytales.be\/nl\/privacybeleid\/"]}]},{"@type":"BreadcrumbList","@id":"https:\/\/babytales.be\/nl\/privacybeleid\/#breadcrumb","itemListElement":[{"@type":"ListItem","position":1,"name":"Accueil","item":"https:\/\/babytales.be\/nl\/"},{"@type":"ListItem","position":2,"name":"Privacybeleid"}]},{"@type":"WebSite","@id":"https:\/\/babytales.be\/nl\/#website","url":"https:\/\/babytales.be\/nl\/","name":"Baby Tales - Votre guide ultime sur les soins de b\u00e9b\u00e9 et la parentalit\u00e9","description":"Baby Tales est votre plateforme incontournable pour tout ce qui concerne le voyage magique des b\u00e9b\u00e9s.","potentialAction":[{"@type":"SearchAction","target":{"@type":"EntryPoint","urlTemplate":"https:\/\/babytales.be\/nl\/?s={search_term_string}"},"query-input":{"@type":"PropertyValueSpecification","valueRequired":true,"valueName":"search_term_string"}}],"inLanguage":"nl-NL"}]}},"_links":{"self":[{"href":"https:\/\/babytales.be\/nl\/wp-json\/wp\/v2\/pages\/1822","targetHints":{"allow":["GET"]}}],"collection":[{"href":"https:\/\/babytales.be\/nl\/wp-json\/wp\/v2\/pages"}],"about":[{"href":"https:\/\/babytales.be\/nl\/wp-json\/wp\/v2\/types\/page"}],"replies":[{"embeddable":true,"href":"https:\/\/babytales.be\/nl\/wp-json\/wp\/v2\/comments?post=1822"}],"version-history":[{"count":0,"href":"https:\/\/babytales.be\/nl\/wp-json\/wp\/v2\/pages\/1822\/revisions"}],"wp:attachment":[{"href":"https:\/\/babytales.be\/nl\/wp-json\/wp\/v2\/media?parent=1822"}],"curies":[{"name":"wp","href":"https:\/\/api.w.org\/{rel}","templated":true}]}}